{"id":175519050,"date":"2020-02-19T13:51:06","date_gmt":"2020-02-19T11:51:06","guid":{"rendered":"http:\/\/posterous.kauda.de\/?page_id=175519050"},"modified":"2020-02-19T13:52:27","modified_gmt":"2020-02-19T11:52:27","slug":"impressum-und-datenschutz","status":"publish","type":"page","link":"https:\/\/posterous.quaerito.de\/?page_id=175519050","title":{"rendered":"Impressum und Datenschutz"},"content":{"rendered":"\n<p>Die Adresse dieser Website lautet https:\/\/www.<a href=\"http:\/\/posterous.quaerito.de\">posterous.quaerito.de<\/a>. Die Seite  wird von Karola R\u00f6der auf Basis einer \u201eWordPress\u201c-Vorlage genutzt und  gepflegt.<\/p>\n\n\n\n<p>Die Homepage dient als kleine Online-Erinnerungsbibliothek und erhebt keine Daten, es sei denn Sie kontaktieren mich direkt per E-Mail. In diesem Fall w\u00fcrde ich die zur Verf\u00fcgung gestellten Kontaktdaten kurzfristig speichern, d. h. m\u00f6glicherweise Anschrift, E-Mail oder Telefonnummer, sowie Ihren  Vor- und Nachnamen.<\/p>\n\n\n\n<p>Impressum: Karola R\u00f6der, Lothar-Forster-Str. 10, 97080 W\u00fcrzburg <\/p>\n\n\n\n<p>E-Mail: kontakt@quaerito.de<\/p>\n\n\n\n<p>Das Nutzerverhalten beim Serven auf dieser Internetseite wird nicht analysiert, IP-Adressen werden weder erfasst  noch gespeichert und auch Cookies werden nicht eingesetzt.<\/p>\n\n\n\n<p>Es existieren externe Links auf die deutsche Seite von \u201eWordPress\u201c, deren Privat-Policy sich <a href=\"https:\/\/de.wordpress.org\/about\/privacy\/\" target=\"_blank\" rel=\"noreferrer noopener\">hier<\/a> findet.<\/p>\n","protected":false},"excerpt":{"rendered":"<p>Die Adresse dieser Website lautet https:\/\/www.posterous.quaerito.de. Die Seite wird von Karola R\u00f6der auf Basis einer \u201eWordPress\u201c-Vorlage genutzt und gepflegt. Die Homepage dient als kleine Online-Erinnerungsbibliothek und erhebt keine Daten, es sei denn Sie kontaktieren mich direkt per E-Mail. In diesem Fall w\u00fcrde ich die zur Verf\u00fcgung gestellten Kontaktdaten kurzfristig speichern, d. h. m\u00f6glicherweise Anschrift, E-Mail [&hellip;]<\/p>\n","protected":false},"author":1,"featured_media":0,"parent":0,"menu_order":0,"comment_status":"closed","ping_status":"closed","template":"","meta":{"footnotes":""},"class_list":["post-175519050","page","type-page","status-publish","hentry"],"_links":{"self":[{"href":"https:\/\/posterous.quaerito.de\/index.php?rest_route=\/wp\/v2\/pages\/175519050","targetHints":{"allow":["GET"]}}],"collection":[{"href":"https:\/\/posterous.quaerito.de\/index.php?rest_route=\/wp\/v2\/pages"}],"about":[{"href":"https:\/\/posterous.quaerito.de\/index.php?rest_route=\/wp\/v2\/types\/page"}],"author":[{"embeddable":true,"href":"https:\/\/posterous.quaerito.de\/index.php?rest_route=\/wp\/v2\/users\/1"}],"replies":[{"embeddable":true,"href":"https:\/\/posterous.quaerito.de\/index.php?rest_route=%2Fwp%2Fv2%2Fcomments&post=175519050"}],"version-history":[{"count":2,"href":"https:\/\/posterous.quaerito.de\/index.php?rest_route=\/wp\/v2\/pages\/175519050\/revisions"}],"predecessor-version":[{"id":175519052,"href":"https:\/\/posterous.quaerito.de\/index.php?rest_route=\/wp\/v2\/pages\/175519050\/revisions\/175519052"}],"wp:attachment":[{"href":"https:\/\/posterous.quaerito.de\/index.php?rest_route=%2Fwp%2Fv2%2Fmedia&parent=175519050"}],"curies":[{"name":"wp","href":"https:\/\/api.w.org\/{rel}","templated":true}]}}